{"id":3434,"date":"2023-08-22T15:43:29","date_gmt":"2023-08-22T13:43:29","guid":{"rendered":"https:\/\/qfog.kreativa.dev\/?page_id=3434"},"modified":"2023-08-22T15:45:49","modified_gmt":"2023-08-22T13:45:49","slug":"cookies","status":"publish","type":"page","link":"https:\/\/qfog.kreativa.dev\/nl\/cookies\/","title":{"rendered":"Cookies"},"content":{"rendered":"\t\t<div data-elementor-type=\"wp-page\" data-elementor-id=\"3434\" class=\"elementor elementor-3434\">\n\t\t\t\t<div class=\"elementor-element elementor-element-e6c10e6 e-flex e-con-boxed e-con e-parent\" data-id=\"e6c10e6\" data-element_type=\"container\" data-settings=\"{&quot;background_background&quot;:&quot;classic&quot;,&quot;container_type&quot;:&quot;flex&quot;,&quot;content_width&quot;:&quot;boxed&quot;}\" data-core-v316-plus=\"true\">\n\t\t\t\t\t<div class=\"e-con-inner\">\n\t\t\t\t<div class=\"elementor-element elementor-element-e4c2611 elementor-widget elementor-widget-heading\" data-id=\"e4c2611\" data-element_type=\"widget\" data-widget_type=\"heading.default\">\n\t\t\t\t<div class=\"elementor-widget-container\">\n\t\t\t<style>\/*! elementor - v3.19.0 - 07-02-2024 *\/\n.elementor-heading-title{padding:0;margin:0;line-height:1}.elementor-widget-heading .elementor-heading-title[class*=elementor-size-]>a{color:inherit;font-size:inherit;line-height:inherit}.elementor-widget-heading .elementor-heading-title.elementor-size-small{font-size:15px}.elementor-widget-heading .elementor-heading-title.elementor-size-medium{font-size:19px}.elementor-widget-heading .elementor-heading-title.elementor-size-large{font-size:29px}.elementor-widget-heading .elementor-heading-title.elementor-size-xl{font-size:39px}.elementor-widget-heading .elementor-heading-title.elementor-size-xxl{font-size:59px}<\/style><h1 class=\"elementor-heading-title elementor-size-default\">Cookies<\/h1>\t\t<\/div>\n\t\t\t\t<\/div>\n\t\t\t\t<div class=\"elementor-element elementor-element-f39f9f3 elementor-widget elementor-widget-text-editor\" data-id=\"f39f9f3\" data-element_type=\"widget\" data-widget_type=\"text-editor.default\">\n\t\t\t\t<div class=\"elementor-widget-container\">\n\t\t\t<style>\/*! elementor - v3.19.0 - 07-02-2024 *\/\n.elementor-widget-text-editor.elementor-drop-cap-view-stacked .elementor-drop-cap{background-color:#69727d;color:#fff}.elementor-widget-text-editor.elementor-drop-cap-view-framed .elementor-drop-cap{color:#69727d;border:3px solid;background-color:transparent}.elementor-widget-text-editor:not(.elementor-drop-cap-view-default) .elementor-drop-cap{margin-top:8px}.elementor-widget-text-editor:not(.elementor-drop-cap-view-default) .elementor-drop-cap-letter{width:1em;height:1em}.elementor-widget-text-editor .elementor-drop-cap{float:left;text-align:center;line-height:1;font-size:50px}.elementor-widget-text-editor .elementor-drop-cap-letter{display:inline-block}<\/style>\t\t\t\t<p>P\u00e5 Q-Fogs sidor anv\u00e4nds cookies. Cookies \u00e4r sm\u00e5 textfiler som lagras p\u00e5 din dator och anv\u00e4nds f\u00f6r att f\u00f6lja vad du g\u00f6r p\u00e5 webbplatsen. Det finns tv\u00e5 typer av cookies; permanenta cookies och session cookies.<\/p>\t\t\t\t\t\t<\/div>\n\t\t\t\t<\/div>\n\t\t\t\t<div class=\"elementor-element elementor-element-06c74a5 elementor-widget elementor-widget-heading\" data-id=\"06c74a5\" data-element_type=\"widget\" data-widget_type=\"heading.default\">\n\t\t\t\t<div class=\"elementor-widget-container\">\n\t\t\t<h2 class=\"elementor-heading-title elementor-size-default\">Permanenta cookies<\/h2>\t\t<\/div>\n\t\t\t\t<\/div>\n\t\t\t\t<div class=\"elementor-element elementor-element-e5aaed4 elementor-widget elementor-widget-text-editor\" data-id=\"e5aaed4\" data-element_type=\"widget\" data-widget_type=\"text-editor.default\">\n\t\t\t\t<div class=\"elementor-widget-container\">\n\t\t\t\t\t\t\t<p>En permanent cookie ligger kvar p\u00e5 bes\u00f6karens dator under en best\u00e4md tid. P\u00e5\u00a0Q-Fogs sidor anv\u00e4nds dessa f\u00f6r att f\u00f6rb\u00e4ttra webbplatsen genom att f\u00e5 statistik hur en bes\u00f6kare anv\u00e4nder webbplatsen, till exempel vilka artiklar som l\u00e4ses mest och hur anv\u00e4ndare r\u00f6r sig i navigeringen.<\/p>\t\t\t\t\t\t<\/div>\n\t\t\t\t<\/div>\n\t\t\t\t<div class=\"elementor-element elementor-element-21439e2 elementor-widget elementor-widget-heading\" data-id=\"21439e2\" data-element_type=\"widget\" data-widget_type=\"heading.default\">\n\t\t\t\t<div class=\"elementor-widget-container\">\n\t\t\t<h2 class=\"elementor-heading-title elementor-size-default\">Session cookies<\/h2>\t\t<\/div>\n\t\t\t\t<\/div>\n\t\t\t\t<div class=\"elementor-element elementor-element-fe480b0 elementor-widget elementor-widget-text-editor\" data-id=\"fe480b0\" data-element_type=\"widget\" data-widget_type=\"text-editor.default\">\n\t\t\t\t<div class=\"elementor-widget-container\">\n\t\t\t\t\t\t\t<p>En session cookie lagras tillf\u00e4lligt i datorns minne under tiden en bes\u00f6kare \u00e4r inne p\u00e5 en webbsida. Session cookies f\u00f6rsvinner n\u00e4r du st\u00e4nger din webbl\u00e4sare.<\/p><p>Om du inte accepterar att cookies anv\u00e4nds kan du st\u00e4nga av cookies i din webbl\u00e4sares s\u00e4kerhetsinst\u00e4llningar. Du kan \u00e4ven st\u00e4lla in webbl\u00e4saren s\u00e5 att du f\u00e5r en fr\u00e5ga varje g\u00e5ng webbplatsen f\u00f6rs\u00f6ker placera en cookie p\u00e5 din dator. Genom webbl\u00e4saren kan ocks\u00e5 tidigare lagrade cookies raderas, se webbl\u00e4sarens hj\u00e4lpsidor f\u00f6r mer information.<\/p><p>Post- och telestyrelsen \u00e4r tillsynsmyndighet p\u00e5 omr\u00e5det, l\u00e4s g\u00e4rna mer om cookies p\u00e5 deras\u00a0<a href=\"http:\/\/www.pts.se\/\" target=\"_blank\" rel=\"noopener\">webbplats<\/a>.<\/p>\t\t\t\t\t\t<\/div>\n\t\t\t\t<\/div>\n\t\t\t\t\t<\/div>\n\t\t\t\t<\/div>\n\t\t\t\t<\/div>\n\t\t","protected":false},"excerpt":{"rendered":"<p>Cookies P\u00e5 Q-Fogs sidor anv\u00e4nds cookies. Cookies \u00e4r sm\u00e5 textfiler som lagras p\u00e5 din dator och anv\u00e4nds f\u00f6r att f\u00f6lja vad du g\u00f6r p\u00e5 webbplatsen. Det finns tv\u00e5 typer av cookies; permanenta cookies och session cookies. Permanenta cookies En permanent cookie ligger kvar p\u00e5 bes\u00f6karens dator under en best\u00e4md tid. P\u00e5\u00a0Q-Fogs sidor anv\u00e4nds dessa f\u00f6r [&hellip;]<\/p>\n","protected":false},"author":1,"featured_media":0,"parent":0,"menu_order":0,"comment_status":"closed","ping_status":"closed","template":"","meta":{"footnotes":""},"class_list":["post-3434","page","type-page","status-publish","hentry"],"_links":{"self":[{"href":"https:\/\/qfog.kreativa.dev\/nl\/wp-json\/wp\/v2\/pages\/3434","targetHints":{"allow":["GET"]}}],"collection":[{"href":"https:\/\/qfog.kreativa.dev\/nl\/wp-json\/wp\/v2\/pages"}],"about":[{"href":"https:\/\/qfog.kreativa.dev\/nl\/wp-json\/wp\/v2\/types\/page"}],"author":[{"embeddable":true,"href":"https:\/\/qfog.kreativa.dev\/nl\/wp-json\/wp\/v2\/users\/1"}],"replies":[{"embeddable":true,"href":"https:\/\/qfog.kreativa.dev\/nl\/wp-json\/wp\/v2\/comments?post=3434"}],"version-history":[{"count":4,"href":"https:\/\/qfog.kreativa.dev\/nl\/wp-json\/wp\/v2\/pages\/3434\/revisions"}],"predecessor-version":[{"id":3439,"href":"https:\/\/qfog.kreativa.dev\/nl\/wp-json\/wp\/v2\/pages\/3434\/revisions\/3439"}],"wp:attachment":[{"href":"https:\/\/qfog.kreativa.dev\/nl\/wp-json\/wp\/v2\/media?parent=3434"}],"curies":[{"name":"wp","href":"https:\/\/api.w.org\/{rel}","templated":true}]}}